{"id":13621,"date":"2026-03-25T17:14:29","date_gmt":"2026-03-25T16:14:29","guid":{"rendered":"https:\/\/www.racetime24.com\/prodotto\/rolex-explorer-ii-rrr-3186\/"},"modified":"2026-03-25T17:16:23","modified_gmt":"2026-03-25T16:16:23","slug":"rolex-explorer-ii-rrr-3186","status":"publish","type":"product","link":"https:\/\/www.racetime24.com\/fr\/prodotto\/rolex-explorer-ii-rrr-3186\/","title":{"rendered":"Rolex Explorer II RRR 3186"},"content":{"rendered":"<p>Rolex Explorer II avec bo\u00eete et garantie d&#8217;origine.<br \/>\nMontre de 2008 en excellent \u00e9tat.<br \/>\nBo\u00eetier et bracelet en acier, cadran noir.<br \/>\nCalibre RRR3186.<\/p>\n\n<div class=\"wpcf7 no-js\" id=\"wpcf7-f9248-o1\" lang=\"fr-FR\" dir=\"ltr\" data-wpcf7-id=\"9248\">\n<div class=\"screen-reader-response\"><p role=\"status\" aria-live=\"polite\" aria-atomic=\"true\"><\/p> <ul><\/ul><\/div>\n<form action=\"\/fr\/wp-json\/wp\/v2\/product\/13621#wpcf7-f9248-o1\" method=\"post\" class=\"wpcf7-form init wpcf7-acceptance-as-validation\" aria-label=\"Formulaire de contact\" novalidate=\"novalidate\" data-status=\"init\">\n<fieldset class=\"hidden-fields-container\"><input type=\"hidden\" name=\"_wpcf7\" value=\"9248\" \/><input type=\"hidden\" name=\"_wpcf7_version\" value=\"6.1.5\" \/><input type=\"hidden\" name=\"_wpcf7_locale\" value=\"fr_FR\" \/><input type=\"hidden\" name=\"_wpcf7_unit_tag\" value=\"wpcf7-f9248-o1\" \/><input type=\"hidden\" name=\"_wpcf7_container_post\" value=\"0\" \/><input type=\"hidden\" name=\"_wpcf7_posted_data_hash\" value=\"\" \/><input type=\"hidden\" name=\"_wpcf7_recaptcha_response\" value=\"\" \/>\n<\/fieldset>\n<DIV>\n\t<H4>\n\t\t<p>CONTACTEZ-NOUS <a href=\"tel:+393482633276\">(+39) 348 2633276 <\/a>\n\t\t<\/p>Ou remplissez le formulaire ci-dessous:\n\t<\/h4>\n\t<H4>\n\t<\/h4>\n<\/div>\n<p><label> NOM (OBLIGATOIRE)<br \/>\n<span class=\"wpcf7-form-control-wrap\" data-name=\"your-name\"><input size=\"40\" maxlength=\"400\" class=\"wpcf7-form-control wpcf7-text wpcf7-validates-as-required\" aria-required=\"true\" aria-invalid=\"false\" value=\"\" type=\"text\" name=\"your-name\" \/><\/span> <\/label>\n<\/p>\n<p><label> ADRESSE E-MAIL (OBLIGATOIRE)<br \/>\n<span class=\"wpcf7-form-control-wrap\" data-name=\"your-email\"><input size=\"40\" maxlength=\"400\" class=\"wpcf7-form-control wpcf7-email wpcf7-validates-as-required wpcf7-text wpcf7-validates-as-email\" aria-required=\"true\" aria-invalid=\"false\" value=\"\" type=\"email\" name=\"your-email\" \/><\/span> <\/label>\n<\/p>\n<p><label> VOTRE MESSAGE<br \/>\n<span class=\"wpcf7-form-control-wrap\" data-name=\"your-message\"><textarea cols=\"40\" rows=\"10\" maxlength=\"2000\" class=\"wpcf7-form-control wpcf7-textarea\" aria-invalid=\"false\" name=\"your-message\"><\/textarea><\/span> <\/label><br \/>\n<span class=\"wpcf7-form-control-wrap\" data-name=\"acceptance-745\"><span class=\"wpcf7-form-control wpcf7-acceptance\"><span class=\"wpcf7-list-item\"><label><input type=\"checkbox\" name=\"acceptance-745\" value=\"1\" aria-invalid=\"false\" \/><span class=\"wpcf7-list-item-label\"><strong> *<\/strong> JE D\u00c9CLARE AVOIR LU ET ACCEPT\u00c9 LA POLITIQUE DE CONFIDENTIALIT\u00c9 SUR LE TRAITEMENT DES DONN\u00c9ES PERSONNELLES <a href=\"https:\/\/www.racetime24.com\/test\/privacy-policy\/\">Privacy & Cookie Policy <\/a><\/span><\/label><\/span><\/span><\/span>\n<\/p>\n<p><input class=\"wpcf7-form-control wpcf7-submit has-spinner\" type=\"submit\" value=\"Invia\" \/>\n<\/p><p style=\"display: none !important;\" class=\"akismet-fields-container\" data-prefix=\"_wpcf7_ak_\"><label>&#916;<textarea name=\"_wpcf7_ak_hp_textarea\" cols=\"45\" rows=\"8\" maxlength=\"100\"><\/textarea><\/label><input type=\"hidden\" id=\"ak_js_1\" name=\"_wpcf7_ak_js\" value=\"89\"\/><script>document.getElementById( \"ak_js_1\" ).setAttribute( \"value\", ( new Date() ).getTime() );<\/script><\/p><div class=\"wpcf7-response-output\" aria-hidden=\"true\"><\/div>\n<\/form>\n<\/div>\n\n","protected":false},"excerpt":{"rendered":"<table class=\" alignright\">\n<tbody>\n<tr>\n<td>R\u00e9f\u00e9rence<\/td>\n<td>16570<\/td>\n<\/tr>\n<tr>\n<td>Remontage<\/td>\n<td>Automatique<\/td>\n<\/tr>\n<tr>\n<td>Mat\u00e9riau<\/td>\n<td>Bo\u00eetier et bracelet en acier<\/td>\n<\/tr>\n<tr>\n<td>Taille du bo\u00eetier<\/td>\n<td>40 mm<\/td>\n<\/tr>\n<tr>\n<td>Ann\u00e9e<\/td>\n<td>2008<\/td>\n<\/tr>\n<tr>\n<td>\u00c9tat de conservation<\/td>\n<td>excellent<\/td>\n<\/tr>\n<tr>\n<td>Contenu livr\u00e9<\/td>\n<td>coffret et garantie d\u2019origine<\/td>\n<\/tr>\n<\/tbody>\n<\/table>\n","protected":false},"featured_media":13599,"template":"","meta":{"_acf_changed":false},"product_brand":[],"product_cat":[328],"product_tag":[],"class_list":{"0":"post-13621","1":"product","2":"type-product","3":"status-publish","4":"has-post-thumbnail","6":"product_cat-rolex","8":"first","9":"instock","10":"featured","11":"shipping-taxable","12":"product-type-simple"},"acf":[],"yoast_head":"<!-- This site is optimized with the Yoast SEO plugin v27.3 - https:\/\/yoast.com\/product\/yoast-seo-wordpress\/ -->\n<title>Rolex Explorer II RRR 3186 - RACETIME24 Rolex Torino<\/title>\n<meta name=\"description\" content=\"Rolex Explorer II avec bo\u00eete et garantie d&#039;origine. Montre en tr\u00e8s bon \u00e9tat.\" \/>\n<meta name=\"robots\" content=\"index, follow, max-snippet:-1, max-image-preview:large, max-video-preview:-1\" \/>\n<link rel=\"canonical\" href=\"https:\/\/www.racetime24.com\/fr\/prodotto\/rolex-explorer-ii-rrr-3186\/\" \/>\n<meta property=\"og:locale\" content=\"fr_FR\" \/>\n<meta property=\"og:type\" content=\"article\" \/>\n<meta property=\"og:title\" content=\"Rolex Explorer II RRR 3186 - RACETIME24 Rolex Torino\" \/>\n<meta property=\"og:description\" content=\"Rolex Explorer II avec bo\u00eete et garantie d&#039;origine. Montre en tr\u00e8s bon \u00e9tat.\" \/>\n<meta property=\"og:url\" content=\"https:\/\/www.racetime24.com\/fr\/prodotto\/rolex-explorer-ii-rrr-3186\/\" \/>\n<meta property=\"og:site_name\" content=\"RACETIME24\" \/>\n<meta property=\"article:publisher\" content=\"https:\/\/www.facebook.com\/racetime24\" \/>\n<meta property=\"article:modified_time\" content=\"2026-03-25T16:16:23+00:00\" \/>\n<meta property=\"og:image\" content=\"https:\/\/www.racetime24.com\/wp-content\/uploads\/2026\/03\/Senza-titolo-1-web-3.jpeg\" \/>\n\t<meta property=\"og:image:width\" content=\"640\" \/>\n\t<meta property=\"og:image:height\" content=\"639\" \/>\n\t<meta property=\"og:image:type\" content=\"image\/jpeg\" \/>\n<meta name=\"twitter:card\" content=\"summary_large_image\" \/>\n<script type=\"application\/ld+json\" class=\"yoast-schema-graph\">{\"@context\":\"https:\\\/\\\/schema.org\",\"@graph\":[{\"@type\":\"WebPage\",\"@id\":\"https:\\\/\\\/www.racetime24.com\\\/fr\\\/prodotto\\\/rolex-explorer-ii-rrr-3186\\\/\",\"url\":\"https:\\\/\\\/www.racetime24.com\\\/fr\\\/prodotto\\\/rolex-explorer-ii-rrr-3186\\\/\",\"name\":\"Rolex Explorer II RRR 3186 - RACETIME24 Rolex Torino\",\"isPartOf\":{\"@id\":\"https:\\\/\\\/www.racetime24.com\\\/fr\\\/#website\"},\"primaryImageOfPage\":{\"@id\":\"https:\\\/\\\/www.racetime24.com\\\/fr\\\/prodotto\\\/rolex-explorer-ii-rrr-3186\\\/#primaryimage\"},\"image\":{\"@id\":\"https:\\\/\\\/www.racetime24.com\\\/fr\\\/prodotto\\\/rolex-explorer-ii-rrr-3186\\\/#primaryimage\"},\"thumbnailUrl\":\"https:\\\/\\\/www.racetime24.com\\\/wp-content\\\/uploads\\\/2026\\\/03\\\/Senza-titolo-1-web-3.jpeg\",\"datePublished\":\"2026-03-25T16:14:29+00:00\",\"dateModified\":\"2026-03-25T16:16:23+00:00\",\"description\":\"Rolex Explorer II avec bo\u00eete et garantie d'origine. Montre en tr\u00e8s bon \u00e9tat.\",\"breadcrumb\":{\"@id\":\"https:\\\/\\\/www.racetime24.com\\\/fr\\\/prodotto\\\/rolex-explorer-ii-rrr-3186\\\/#breadcrumb\"},\"inLanguage\":\"fr-FR\",\"potentialAction\":[{\"@type\":\"ReadAction\",\"target\":[\"https:\\\/\\\/www.racetime24.com\\\/fr\\\/prodotto\\\/rolex-explorer-ii-rrr-3186\\\/\"]}]},{\"@type\":\"ImageObject\",\"inLanguage\":\"fr-FR\",\"@id\":\"https:\\\/\\\/www.racetime24.com\\\/fr\\\/prodotto\\\/rolex-explorer-ii-rrr-3186\\\/#primaryimage\",\"url\":\"https:\\\/\\\/www.racetime24.com\\\/wp-content\\\/uploads\\\/2026\\\/03\\\/Senza-titolo-1-web-3.jpeg\",\"contentUrl\":\"https:\\\/\\\/www.racetime24.com\\\/wp-content\\\/uploads\\\/2026\\\/03\\\/Senza-titolo-1-web-3.jpeg\",\"width\":640,\"height\":639},{\"@type\":\"BreadcrumbList\",\"@id\":\"https:\\\/\\\/www.racetime24.com\\\/fr\\\/prodotto\\\/rolex-explorer-ii-rrr-3186\\\/#breadcrumb\",\"itemListElement\":[{\"@type\":\"ListItem\",\"position\":1,\"name\":\"Home\",\"item\":\"https:\\\/\\\/www.racetime24.com\\\/fr\\\/\"},{\"@type\":\"ListItem\",\"position\":2,\"name\":\"Produits\",\"item\":\"https:\\\/\\\/www.racetime24.com\\\/fr\\\/shop\\\/\"},{\"@type\":\"ListItem\",\"position\":3,\"name\":\"Rolex Explorer II RRR 3186\"}]},{\"@type\":\"WebSite\",\"@id\":\"https:\\\/\\\/www.racetime24.com\\\/fr\\\/#website\",\"url\":\"https:\\\/\\\/www.racetime24.com\\\/fr\\\/\",\"name\":\"RACETIME24\",\"description\":\"Negozio di orologi usati: Rolex, Omega e vintage\",\"publisher\":{\"@id\":\"https:\\\/\\\/www.racetime24.com\\\/fr\\\/#organization\"},\"potentialAction\":[{\"@type\":\"SearchAction\",\"target\":{\"@type\":\"EntryPoint\",\"urlTemplate\":\"https:\\\/\\\/www.racetime24.com\\\/fr\\\/?s={search_term_string}\"},\"query-input\":{\"@type\":\"PropertyValueSpecification\",\"valueRequired\":true,\"valueName\":\"search_term_string\"}}],\"inLanguage\":\"fr-FR\"},{\"@type\":\"Organization\",\"@id\":\"https:\\\/\\\/www.racetime24.com\\\/fr\\\/#organization\",\"name\":\"RACETIME 24\",\"url\":\"https:\\\/\\\/www.racetime24.com\\\/fr\\\/\",\"logo\":{\"@type\":\"ImageObject\",\"inLanguage\":\"fr-FR\",\"@id\":\"https:\\\/\\\/www.racetime24.com\\\/fr\\\/#\\\/schema\\\/logo\\\/image\\\/\",\"url\":\"https:\\\/\\\/www.racetime24.com\\\/wp-content\\\/uploads\\\/2020\\\/03\\\/RaceTime2019-1.jpg\",\"contentUrl\":\"https:\\\/\\\/www.racetime24.com\\\/wp-content\\\/uploads\\\/2020\\\/03\\\/RaceTime2019-1.jpg\",\"width\":729,\"height\":591,\"caption\":\"RACETIME 24\"},\"image\":{\"@id\":\"https:\\\/\\\/www.racetime24.com\\\/fr\\\/#\\\/schema\\\/logo\\\/image\\\/\"},\"sameAs\":[\"https:\\\/\\\/www.facebook.com\\\/racetime24\",\"https:\\\/\\\/www.instagram.com\\\/racetime24\\\/\",\"https:\\\/\\\/www.youtube.com\\\/channel\\\/UCS2Z3cmXhkcvGxfxJVWg4Bg\"]}]}<\/script>\n<!-- \/ Yoast SEO plugin. -->","yoast_head_json":{"title":"Rolex Explorer II RRR 3186 - RACETIME24 Rolex Torino","description":"Rolex Explorer II avec bo\u00eete et garantie d'origine. Montre en tr\u00e8s bon \u00e9tat.","robots":{"index":"index","follow":"follow","max-snippet":"max-snippet:-1","max-image-preview":"max-image-preview:large","max-video-preview":"max-video-preview:-1"},"canonical":"https:\/\/www.racetime24.com\/fr\/prodotto\/rolex-explorer-ii-rrr-3186\/","og_locale":"fr_FR","og_type":"article","og_title":"Rolex Explorer II RRR 3186 - RACETIME24 Rolex Torino","og_description":"Rolex Explorer II avec bo\u00eete et garantie d'origine. Montre en tr\u00e8s bon \u00e9tat.","og_url":"https:\/\/www.racetime24.com\/fr\/prodotto\/rolex-explorer-ii-rrr-3186\/","og_site_name":"RACETIME24","article_publisher":"https:\/\/www.facebook.com\/racetime24","article_modified_time":"2026-03-25T16:16:23+00:00","og_image":[{"width":640,"height":639,"url":"https:\/\/www.racetime24.com\/wp-content\/uploads\/2026\/03\/Senza-titolo-1-web-3.jpeg","type":"image\/jpeg"}],"twitter_card":"summary_large_image","schema":{"@context":"https:\/\/schema.org","@graph":[{"@type":"WebPage","@id":"https:\/\/www.racetime24.com\/fr\/prodotto\/rolex-explorer-ii-rrr-3186\/","url":"https:\/\/www.racetime24.com\/fr\/prodotto\/rolex-explorer-ii-rrr-3186\/","name":"Rolex Explorer II RRR 3186 - RACETIME24 Rolex Torino","isPartOf":{"@id":"https:\/\/www.racetime24.com\/fr\/#website"},"primaryImageOfPage":{"@id":"https:\/\/www.racetime24.com\/fr\/prodotto\/rolex-explorer-ii-rrr-3186\/#primaryimage"},"image":{"@id":"https:\/\/www.racetime24.com\/fr\/prodotto\/rolex-explorer-ii-rrr-3186\/#primaryimage"},"thumbnailUrl":"https:\/\/www.racetime24.com\/wp-content\/uploads\/2026\/03\/Senza-titolo-1-web-3.jpeg","datePublished":"2026-03-25T16:14:29+00:00","dateModified":"2026-03-25T16:16:23+00:00","description":"Rolex Explorer II avec bo\u00eete et garantie d'origine. Montre en tr\u00e8s bon \u00e9tat.","breadcrumb":{"@id":"https:\/\/www.racetime24.com\/fr\/prodotto\/rolex-explorer-ii-rrr-3186\/#breadcrumb"},"inLanguage":"fr-FR","potentialAction":[{"@type":"ReadAction","target":["https:\/\/www.racetime24.com\/fr\/prodotto\/rolex-explorer-ii-rrr-3186\/"]}]},{"@type":"ImageObject","inLanguage":"fr-FR","@id":"https:\/\/www.racetime24.com\/fr\/prodotto\/rolex-explorer-ii-rrr-3186\/#primaryimage","url":"https:\/\/www.racetime24.com\/wp-content\/uploads\/2026\/03\/Senza-titolo-1-web-3.jpeg","contentUrl":"https:\/\/www.racetime24.com\/wp-content\/uploads\/2026\/03\/Senza-titolo-1-web-3.jpeg","width":640,"height":639},{"@type":"BreadcrumbList","@id":"https:\/\/www.racetime24.com\/fr\/prodotto\/rolex-explorer-ii-rrr-3186\/#breadcrumb","itemListElement":[{"@type":"ListItem","position":1,"name":"Home","item":"https:\/\/www.racetime24.com\/fr\/"},{"@type":"ListItem","position":2,"name":"Produits","item":"https:\/\/www.racetime24.com\/fr\/shop\/"},{"@type":"ListItem","position":3,"name":"Rolex Explorer II RRR 3186"}]},{"@type":"WebSite","@id":"https:\/\/www.racetime24.com\/fr\/#website","url":"https:\/\/www.racetime24.com\/fr\/","name":"RACETIME24","description":"Negozio di orologi usati: Rolex, Omega e vintage","publisher":{"@id":"https:\/\/www.racetime24.com\/fr\/#organization"},"potentialAction":[{"@type":"SearchAction","target":{"@type":"EntryPoint","urlTemplate":"https:\/\/www.racetime24.com\/fr\/?s={search_term_string}"},"query-input":{"@type":"PropertyValueSpecification","valueRequired":true,"valueName":"search_term_string"}}],"inLanguage":"fr-FR"},{"@type":"Organization","@id":"https:\/\/www.racetime24.com\/fr\/#organization","name":"RACETIME 24","url":"https:\/\/www.racetime24.com\/fr\/","logo":{"@type":"ImageObject","inLanguage":"fr-FR","@id":"https:\/\/www.racetime24.com\/fr\/#\/schema\/logo\/image\/","url":"https:\/\/www.racetime24.com\/wp-content\/uploads\/2020\/03\/RaceTime2019-1.jpg","contentUrl":"https:\/\/www.racetime24.com\/wp-content\/uploads\/2020\/03\/RaceTime2019-1.jpg","width":729,"height":591,"caption":"RACETIME 24"},"image":{"@id":"https:\/\/www.racetime24.com\/fr\/#\/schema\/logo\/image\/"},"sameAs":["https:\/\/www.facebook.com\/racetime24","https:\/\/www.instagram.com\/racetime24\/","https:\/\/www.youtube.com\/channel\/UCS2Z3cmXhkcvGxfxJVWg4Bg"]}]}},"_links":{"self":[{"href":"https:\/\/www.racetime24.com\/fr\/wp-json\/wp\/v2\/product\/13621","targetHints":{"allow":["GET"]}}],"collection":[{"href":"https:\/\/www.racetime24.com\/fr\/wp-json\/wp\/v2\/product"}],"about":[{"href":"https:\/\/www.racetime24.com\/fr\/wp-json\/wp\/v2\/types\/product"}],"wp:featuredmedia":[{"embeddable":true,"href":"https:\/\/www.racetime24.com\/fr\/wp-json\/wp\/v2\/media\/13599"}],"wp:attachment":[{"href":"https:\/\/www.racetime24.com\/fr\/wp-json\/wp\/v2\/media?parent=13621"}],"wp:term":[{"taxonomy":"product_brand","embeddable":true,"href":"https:\/\/www.racetime24.com\/fr\/wp-json\/wp\/v2\/product_brand?post=13621"},{"taxonomy":"product_cat","embeddable":true,"href":"https:\/\/www.racetime24.com\/fr\/wp-json\/wp\/v2\/product_cat?post=13621"},{"taxonomy":"product_tag","embeddable":true,"href":"https:\/\/www.racetime24.com\/fr\/wp-json\/wp\/v2\/product_tag?post=13621"}],"curies":[{"name":"wp","href":"https:\/\/api.w.org\/{rel}","templated":true}]}}